{"id":299,"date":"2023-11-25T19:44:36","date_gmt":"2023-11-25T19:44:36","guid":{"rendered":"https:\/\/tecnosoporteria.mx\/?post_type=product&#038;p=299"},"modified":"2023-11-25T20:54:37","modified_gmt":"2023-11-25T20:54:37","slug":"estructuras-para-paneles-solares","status":"publish","type":"product","link":"https:\/\/tecnosoporteria.mx\/index.php\/producto\/estructuras-para-paneles-solares\/","title":{"rendered":"Estructuras para paneles solares"},"content":{"rendered":"<table>\n<tbody>\n<tr>\n<td>Soportes<\/td>\n<td>2 y 3 Postes<\/td>\n<\/tr>\n<tr>\n<td>Resistencia a vientos<\/td>\n<td>150, 200 y 250 Km\/hr.<\/td>\n<\/tr>\n<tr>\n<td>Espacio libre (piso-p\u00e1nel)<\/td>\n<td>0.4 m &#8211; 0.8 m<\/td>\n<\/tr>\n<\/tbody>\n<\/table>\n<p><BR><br \/>\n<BR><\/p>\n<div style=\"background-color: #fff; padding: 20px;\">\n<h2> Solicita una cotizaci\u00f3n<\/h2>\n<div class=\"wpforms-container wpforms-container-full wpforms-render-modern\" id=\"wpforms-369\"><form id=\"wpforms-form-369\" class=\"wpforms-validate wpforms-form wpforms-ajax-form\" data-formid=\"369\" method=\"post\" enctype=\"multipart\/form-data\" action=\"\/index.php\/wp-json\/wp\/v2\/product\/299\" data-token=\"014f2b06564cfec0a224e16ba13f6b6f\" data-token-time=\"1776456801\"><noscript class=\"wpforms-error-noscript\">Por favor, activa JavaScript en tu navegador para completar este formulario.<\/noscript><div class=\"wpforms-hidden\" id=\"wpforms-error-noscript\">Por favor, activa JavaScript en tu navegador para completar este formulario.<\/div><div class=\"wpforms-field-container\"><div id=\"wpforms-369-field_0-container\" class=\"wpforms-field wpforms-field-name\" data-field-id=\"0\"><fieldset><legend class=\"wpforms-field-label\">Nombre <span class=\"wpforms-required-label\" aria-hidden=\"true\">*<\/span><\/legend><div class=\"wpforms-field-row wpforms-field-medium\"><div class=\"wpforms-field-row-block wpforms-first wpforms-one-half\"><input type=\"text\" id=\"wpforms-369-field_0\" class=\"wpforms-field-name-first wpforms-field-required\" name=\"wpforms[fields][0][first]\" aria-errormessage=\"wpforms-369-field_0-error\" required><label for=\"wpforms-369-field_0\" class=\"wpforms-field-sublabel after\">Nombre<\/label><\/div><div class=\"wpforms-field-row-block wpforms-one-half\"><input type=\"text\" id=\"wpforms-369-field_0-last\" class=\"wpforms-field-name-last wpforms-field-required\" name=\"wpforms[fields][0][last]\" aria-errormessage=\"wpforms-369-field_0-last-error\" required><label for=\"wpforms-369-field_0-last\" class=\"wpforms-field-sublabel after\">Apellidos<\/label><\/div><\/div><\/fieldset><\/div><div id=\"wpforms-369-field_1-container\" class=\"wpforms-field wpforms-field-email\" data-field-id=\"1\"><label class=\"wpforms-field-label\" for=\"wpforms-369-field_1\">Correo electr\u00f3nico <span class=\"wpforms-required-label\" aria-hidden=\"true\">*<\/span><\/label><input type=\"email\" id=\"wpforms-369-field_1\" class=\"wpforms-field-medium wpforms-field-required\" name=\"wpforms[fields][1]\" spellcheck=\"false\" aria-errormessage=\"wpforms-369-field_1-error\" required><\/div><div id=\"wpforms-369-field_3-container\" class=\"wpforms-field wpforms-field-number\" data-field-id=\"3\"><label class=\"wpforms-field-label\" for=\"wpforms-369-field_3\">Tel\u00e9fono <span class=\"wpforms-required-label\" aria-hidden=\"true\">*<\/span><\/label><input type=\"number\" id=\"wpforms-369-field_3\" class=\"wpforms-field-medium wpforms-field-required\" name=\"wpforms[fields][3]\" aria-errormessage=\"wpforms-369-field_3-error\" required><\/div><div id=\"wpforms-369-field_2-container\" class=\"wpforms-field wpforms-field-textarea\" data-field-id=\"2\"><label class=\"wpforms-field-label\" for=\"wpforms-369-field_2\">Comentario o mensaje<\/label><textarea id=\"wpforms-369-field_2\" class=\"wpforms-field-medium\" name=\"wpforms[fields][2]\" aria-errormessage=\"wpforms-369-field_2-error\" ><\/textarea><\/div><div id=\"wpforms-369-field_4-container\" class=\"wpforms-field wpforms-field-checkbox\" data-field-id=\"4\"><fieldset><legend class=\"wpforms-field-label\">Deseo Cotizar <\/legend><ul id=\"wpforms-369-field_4\"><li class=\"choice-1 depth-1\"><input type=\"checkbox\" id=\"wpforms-369-field_4_1\" name=\"wpforms[fields][4][]\" value=\"Unicanal 4x4, 4x2 de acero galvanizado\" aria-errormessage=\"wpforms-369-field_4_1-error\"  ><label class=\"wpforms-field-label-inline\" for=\"wpforms-369-field_4_1\">Unicanal 4x4, 4x2 de acero galvanizado<\/label><\/li><li class=\"choice-2 depth-1\"><input type=\"checkbox\" id=\"wpforms-369-field_4_2\" name=\"wpforms[fields][4][]\" value=\"Unicanal 4x4, 4x2 de acero inoxidable\" aria-errormessage=\"wpforms-369-field_4_2-error\"  ><label class=\"wpforms-field-label-inline\" for=\"wpforms-369-field_4_2\">Unicanal 4x4, 4x2 de acero inoxidable<\/label><\/li><li class=\"choice-3 depth-1\"><input type=\"checkbox\" id=\"wpforms-369-field_4_3\" name=\"wpforms[fields][4][]\" value=\"Abrazadera tipo pera\" aria-errormessage=\"wpforms-369-field_4_3-error\"  ><label class=\"wpforms-field-label-inline\" for=\"wpforms-369-field_4_3\">Abrazadera tipo pera<\/label><\/li><li class=\"choice-4 depth-1\"><input type=\"checkbox\" id=\"wpforms-369-field_4_4\" name=\"wpforms[fields][4][]\" value=\"Hamaqueros\" aria-errormessage=\"wpforms-369-field_4_4-error\"  ><label class=\"wpforms-field-label-inline\" for=\"wpforms-369-field_4_4\">Hamaqueros<\/label><\/li><li class=\"choice-5 depth-1\"><input type=\"checkbox\" id=\"wpforms-369-field_4_5\" name=\"wpforms[fields][4][]\" value=\"Estructura para paneles solares\" aria-errormessage=\"wpforms-369-field_4_5-error\"  ><label class=\"wpforms-field-label-inline\" for=\"wpforms-369-field_4_5\">Estructura para paneles solares<\/label><\/li><\/ul><\/fieldset><\/div><\/div><!-- .wpforms-field-container --><div class=\"wpforms-submit-container\" ><input type=\"hidden\" name=\"wpforms[id]\" value=\"369\"><input type=\"hidden\" name=\"page_title\" value=\"\"><input type=\"hidden\" name=\"page_url\" value=\"https:\/\/tecnosoporteria.mx\/index.php\/wp-json\/wp\/v2\/product\/299\"><button type=\"submit\" name=\"wpforms[submit]\" id=\"wpforms-submit-369\" class=\"wpforms-submit\" data-alt-text=\"Enviando...\" data-submit-text=\"Solicitar cotizaci\u00f3n\" aria-live=\"assertive\" value=\"wpforms-submit\">Solicitar cotizaci\u00f3n<\/button><img decoding=\"async\" src=\"https:\/\/tecnosoporteria.mx\/wp-content\/plugins\/wpforms-lite\/assets\/images\/submit-spin.svg\" class=\"wpforms-submit-spinner\" style=\"display: none;\" width=\"26\" height=\"26\" alt=\"Cargando\"><\/div><\/form><\/div>  <!-- .wpforms-container --><\/div>\n","protected":false},"excerpt":{"rendered":"<ul>\n<li>Se instalan en pocos minutos generando ahorros considerables en el proyecto.<\/li>\n<li>Dise\u00f1os est\u00e1ndar 2V en arreglos 2\u00d77.<\/li>\n<li>Fabricaci\u00f3n a la medida para proyectos de tama\u00f1o mediano y de gran escala<\/li>\n<li>Pr\u00e1cticamente libres de mantenimiento.<\/li>\n<\/ul>\n","protected":false},"featured_media":324,"comment_status":"open","ping_status":"closed","template":"","meta":[],"product_cat":[19],"product_tag":[],"class_list":{"0":"post-299","1":"product","2":"type-product","3":"status-publish","4":"has-post-thumbnail","6":"product_cat-productos","8":"first","9":"instock","10":"shipping-taxable","11":"product-type-simple"},"_links":{"self":[{"href":"https:\/\/tecnosoporteria.mx\/index.php\/wp-json\/wp\/v2\/product\/299","targetHints":{"allow":["GET"]}}],"collection":[{"href":"https:\/\/tecnosoporteria.mx\/index.php\/wp-json\/wp\/v2\/product"}],"about":[{"href":"https:\/\/tecnosoporteria.mx\/index.php\/wp-json\/wp\/v2\/types\/product"}],"replies":[{"embeddable":true,"href":"https:\/\/tecnosoporteria.mx\/index.php\/wp-json\/wp\/v2\/comments?post=299"}],"version-history":[{"count":2,"href":"https:\/\/tecnosoporteria.mx\/index.php\/wp-json\/wp\/v2\/product\/299\/revisions"}],"predecessor-version":[{"id":402,"href":"https:\/\/tecnosoporteria.mx\/index.php\/wp-json\/wp\/v2\/product\/299\/revisions\/402"}],"wp:featuredmedia":[{"embeddable":true,"href":"https:\/\/tecnosoporteria.mx\/index.php\/wp-json\/wp\/v2\/media\/324"}],"wp:attachment":[{"href":"https:\/\/tecnosoporteria.mx\/index.php\/wp-json\/wp\/v2\/media?parent=299"}],"wp:term":[{"taxonomy":"product_cat","embeddable":true,"href":"https:\/\/tecnosoporteria.mx\/index.php\/wp-json\/wp\/v2\/product_cat?post=299"},{"taxonomy":"product_tag","embeddable":true,"href":"https:\/\/tecnosoporteria.mx\/index.php\/wp-json\/wp\/v2\/product_tag?post=299"}],"curies":[{"name":"wp","href":"https:\/\/api.w.org\/{rel}","templated":true}]}}