{"id":314,"date":"2023-11-25T19:11:24","date_gmt":"2023-11-25T19:11:24","guid":{"rendered":"https:\/\/tecnosoporteria.mx\/?post_type=product&#038;p=314"},"modified":"2023-11-25T20:54:05","modified_gmt":"2023-11-25T20:54:05","slug":"unicanal-4x4-4x2-galvanizado-liso-2","status":"publish","type":"product","link":"https:\/\/tecnosoporteria.mx\/index.php\/producto\/unicanal-4x4-4x2-galvanizado-liso-2\/","title":{"rendered":"UNICANAL 4\u00d74\/4\u00d72 GALVANIZADO LISO"},"content":{"rendered":"<table>\n<tbody>\n<tr>\n<td colspan=\"4\"><strong>UNICANAL DE ACERO INOXIDABLE LISO Y PERFORADO<\/strong><\/td>\n<\/tr>\n<tr>\n<td colspan=\"2\"><strong>TAMA\u00d1O<\/strong><\/td>\n<td><strong>LONGITUD<\/strong><\/td>\n<td><strong>CALIBRES<\/strong><\/td>\n<\/tr>\n<tr>\n<td><strong>4 x 2 cm<\/strong><\/td>\n<td><strong>4 x 4 cm<\/strong><\/td>\n<td><strong>3.05 m<\/strong><\/td>\n<td><strong>12, 14, 16, 18<\/strong><\/td>\n<\/tr>\n<\/tbody>\n<\/table>\n<p><BR><br \/>\n<BR><\/p>\n<div style=\"background-color: #fff; padding: 20px;\">\n<h2> Solicita una cotizaci\u00f3n<\/h2>\n<div class=\"wpforms-container wpforms-container-full wpforms-render-modern\" id=\"wpforms-369\"><form id=\"wpforms-form-369\" class=\"wpforms-validate wpforms-form wpforms-ajax-form\" data-formid=\"369\" method=\"post\" enctype=\"multipart\/form-data\" action=\"\/index.php\/wp-json\/wp\/v2\/product\/314\" data-token=\"014f2b06564cfec0a224e16ba13f6b6f\" data-token-time=\"1776456753\"><noscript class=\"wpforms-error-noscript\">Por favor, activa JavaScript en tu navegador para completar este formulario.<\/noscript><div class=\"wpforms-hidden\" id=\"wpforms-error-noscript\">Por favor, activa JavaScript en tu navegador para completar este formulario.<\/div><div class=\"wpforms-field-container\"><div id=\"wpforms-369-field_0-container\" class=\"wpforms-field wpforms-field-name\" data-field-id=\"0\"><fieldset><legend class=\"wpforms-field-label\">Nombre <span class=\"wpforms-required-label\" aria-hidden=\"true\">*<\/span><\/legend><div class=\"wpforms-field-row wpforms-field-medium\"><div class=\"wpforms-field-row-block wpforms-first wpforms-one-half\"><input type=\"text\" id=\"wpforms-369-field_0\" class=\"wpforms-field-name-first wpforms-field-required\" name=\"wpforms[fields][0][first]\" aria-errormessage=\"wpforms-369-field_0-error\" required><label for=\"wpforms-369-field_0\" class=\"wpforms-field-sublabel after\">Nombre<\/label><\/div><div class=\"wpforms-field-row-block wpforms-one-half\"><input type=\"text\" id=\"wpforms-369-field_0-last\" class=\"wpforms-field-name-last wpforms-field-required\" name=\"wpforms[fields][0][last]\" aria-errormessage=\"wpforms-369-field_0-last-error\" required><label for=\"wpforms-369-field_0-last\" class=\"wpforms-field-sublabel after\">Apellidos<\/label><\/div><\/div><\/fieldset><\/div><div id=\"wpforms-369-field_1-container\" class=\"wpforms-field wpforms-field-email\" data-field-id=\"1\"><label class=\"wpforms-field-label\" for=\"wpforms-369-field_1\">Correo electr\u00f3nico <span class=\"wpforms-required-label\" aria-hidden=\"true\">*<\/span><\/label><input type=\"email\" id=\"wpforms-369-field_1\" class=\"wpforms-field-medium wpforms-field-required\" name=\"wpforms[fields][1]\" spellcheck=\"false\" aria-errormessage=\"wpforms-369-field_1-error\" required><\/div><div id=\"wpforms-369-field_3-container\" class=\"wpforms-field wpforms-field-number\" data-field-id=\"3\"><label class=\"wpforms-field-label\" for=\"wpforms-369-field_3\">Tel\u00e9fono <span class=\"wpforms-required-label\" aria-hidden=\"true\">*<\/span><\/label><input type=\"number\" id=\"wpforms-369-field_3\" class=\"wpforms-field-medium wpforms-field-required\" name=\"wpforms[fields][3]\" aria-errormessage=\"wpforms-369-field_3-error\" required><\/div><div id=\"wpforms-369-field_2-container\" class=\"wpforms-field wpforms-field-textarea\" data-field-id=\"2\"><label class=\"wpforms-field-label\" for=\"wpforms-369-field_2\">Comentario o mensaje<\/label><textarea id=\"wpforms-369-field_2\" class=\"wpforms-field-medium\" name=\"wpforms[fields][2]\" aria-errormessage=\"wpforms-369-field_2-error\" ><\/textarea><\/div><div id=\"wpforms-369-field_4-container\" class=\"wpforms-field wpforms-field-checkbox\" data-field-id=\"4\"><fieldset><legend class=\"wpforms-field-label\">Deseo Cotizar <\/legend><ul id=\"wpforms-369-field_4\"><li class=\"choice-1 depth-1\"><input type=\"checkbox\" id=\"wpforms-369-field_4_1\" name=\"wpforms[fields][4][]\" value=\"Unicanal 4x4, 4x2 de acero galvanizado\" aria-errormessage=\"wpforms-369-field_4_1-error\"  ><label class=\"wpforms-field-label-inline\" for=\"wpforms-369-field_4_1\">Unicanal 4x4, 4x2 de acero galvanizado<\/label><\/li><li class=\"choice-2 depth-1\"><input type=\"checkbox\" id=\"wpforms-369-field_4_2\" name=\"wpforms[fields][4][]\" value=\"Unicanal 4x4, 4x2 de acero inoxidable\" aria-errormessage=\"wpforms-369-field_4_2-error\"  ><label class=\"wpforms-field-label-inline\" for=\"wpforms-369-field_4_2\">Unicanal 4x4, 4x2 de acero inoxidable<\/label><\/li><li class=\"choice-3 depth-1\"><input type=\"checkbox\" id=\"wpforms-369-field_4_3\" name=\"wpforms[fields][4][]\" value=\"Abrazadera tipo pera\" aria-errormessage=\"wpforms-369-field_4_3-error\"  ><label class=\"wpforms-field-label-inline\" for=\"wpforms-369-field_4_3\">Abrazadera tipo pera<\/label><\/li><li class=\"choice-4 depth-1\"><input type=\"checkbox\" id=\"wpforms-369-field_4_4\" name=\"wpforms[fields][4][]\" value=\"Hamaqueros\" aria-errormessage=\"wpforms-369-field_4_4-error\"  ><label class=\"wpforms-field-label-inline\" for=\"wpforms-369-field_4_4\">Hamaqueros<\/label><\/li><li class=\"choice-5 depth-1\"><input type=\"checkbox\" id=\"wpforms-369-field_4_5\" name=\"wpforms[fields][4][]\" value=\"Estructura para paneles solares\" aria-errormessage=\"wpforms-369-field_4_5-error\"  ><label class=\"wpforms-field-label-inline\" for=\"wpforms-369-field_4_5\">Estructura para paneles solares<\/label><\/li><\/ul><\/fieldset><\/div><\/div><!-- .wpforms-field-container --><div class=\"wpforms-submit-container\" ><input type=\"hidden\" name=\"wpforms[id]\" value=\"369\"><input type=\"hidden\" name=\"page_title\" value=\"\"><input type=\"hidden\" name=\"page_url\" value=\"https:\/\/tecnosoporteria.mx\/index.php\/wp-json\/wp\/v2\/product\/314\"><button type=\"submit\" name=\"wpforms[submit]\" id=\"wpforms-submit-369\" class=\"wpforms-submit\" data-alt-text=\"Enviando...\" data-submit-text=\"Solicitar cotizaci\u00f3n\" aria-live=\"assertive\" value=\"wpforms-submit\">Solicitar cotizaci\u00f3n<\/button><img decoding=\"async\" src=\"https:\/\/tecnosoporteria.mx\/wp-content\/plugins\/wpforms-lite\/assets\/images\/submit-spin.svg\" class=\"wpforms-submit-spinner\" style=\"display: none;\" width=\"26\" height=\"26\" alt=\"Cargando\"><\/div><\/form><\/div>  <!-- .wpforms-container --><\/div>\n","protected":false},"excerpt":{"rendered":"<p>La alternativa eficiente y eficaz a los sistemas de soporte convencionales.<\/p>\n<p>Con su gran capacidad de ajuste, desmontaje y reutilizaci\u00f3n. El sistema Unicanal hace posible que , las estructuras que tomar\u00edan horas en soldarse se arman f\u00e1cilmente en cuesti\u00f3n de minutos.<\/p>\n<p>Ya sea que necesite sostener una tuber\u00eda en una instalaci\u00f3n de tratamiento de aguas residuales, conductos el\u00e9ctricos en un \u00e1rea de lavado de procesamiento de alimentos o un bastidor de bater\u00edas en un entorno costero; los soportes de acero inoxidable soportar\u00e1n los entornos m\u00e1s exigentes.<\/p>\n<p>Su capacidad de ajuste y la reutilizaci\u00f3n ilimitada hacen del Perfil Unicanal una opci\u00f3n atractiva para muchas industrias y aplicaciones diferentes, tales como:<\/p>\n<p>\u2022 Pasillos en la azotea.<br \/>\n\u2022 Plataformas, mesas y elevadores.<br \/>\n\u2022 Racks y estantes de almacenamiento.<br \/>\n\u2022 Rejillas de soporte de techo<br \/>\n\u2022 Sistemas de manipulaci\u00f3n de materiales.<br \/>\n\u2022 Sistemas de soporte de paneles solares y aire acondicionado.<br \/>\n\u2022 Sistemas de soporte de tuber\u00edas en la azotea.<br \/>\n\u2022 Soportes para equipos m\u00e9dicos.<br \/>\n\u2022 Soportes para tuber\u00edas y conductos.<br \/>\n\u2022 Soportes para bandejas porta cables.<br \/>\n\u2022 Soportes para equipos, herramientas y letreros.<\/p>\n<p>El Unicanal o Perfil Unicanal le brindan todo un universo de posibilidades en aplicaciones para facilitar su trabajo.<\/p>\n<p><strong>Unicanal s\u00f3lido medidas y calibres:<\/strong><\/p>\n<p><em>\u00bb Unicanal 4\u00d74\/4\u00d72 Galvanizado Liso cal: 18, 16, 14 y 12, longitud 3 m.<\/em><br \/>\n<em>\u00bb Unicanal 4\u00d72\/4\u00d72 Galvanizado Liso cal: 18, 16, 14 y 12, longitud 3 m.<\/em><\/p>\n","protected":false},"featured_media":315,"comment_status":"open","ping_status":"closed","template":"","meta":[],"product_cat":[19],"product_tag":[22],"class_list":{"0":"post-314","1":"product","2":"type-product","3":"status-publish","4":"has-post-thumbnail","6":"product_cat-productos","7":"product_tag-unicanal","9":"first","10":"instock","11":"shipping-taxable","12":"product-type-simple"},"_links":{"self":[{"href":"https:\/\/tecnosoporteria.mx\/index.php\/wp-json\/wp\/v2\/product\/314","targetHints":{"allow":["GET"]}}],"collection":[{"href":"https:\/\/tecnosoporteria.mx\/index.php\/wp-json\/wp\/v2\/product"}],"about":[{"href":"https:\/\/tecnosoporteria.mx\/index.php\/wp-json\/wp\/v2\/types\/product"}],"replies":[{"embeddable":true,"href":"https:\/\/tecnosoporteria.mx\/index.php\/wp-json\/wp\/v2\/comments?post=314"}],"version-history":[{"count":6,"href":"https:\/\/tecnosoporteria.mx\/index.php\/wp-json\/wp\/v2\/product\/314\/revisions"}],"predecessor-version":[{"id":401,"href":"https:\/\/tecnosoporteria.mx\/index.php\/wp-json\/wp\/v2\/product\/314\/revisions\/401"}],"wp:featuredmedia":[{"embeddable":true,"href":"https:\/\/tecnosoporteria.mx\/index.php\/wp-json\/wp\/v2\/media\/315"}],"wp:attachment":[{"href":"https:\/\/tecnosoporteria.mx\/index.php\/wp-json\/wp\/v2\/media?parent=314"}],"wp:term":[{"taxonomy":"product_cat","embeddable":true,"href":"https:\/\/tecnosoporteria.mx\/index.php\/wp-json\/wp\/v2\/product_cat?post=314"},{"taxonomy":"product_tag","embeddable":true,"href":"https:\/\/tecnosoporteria.mx\/index.php\/wp-json\/wp\/v2\/product_tag?post=314"}],"curies":[{"name":"wp","href":"https:\/\/api.w.org\/{rel}","templated":true}]}}